{"id":44,"date":"2017-09-26T15:45:06","date_gmt":"2017-09-26T18:45:06","guid":{"rendered":"http:\/\/www.impassivelimpossivel.com\/?page_id=44"},"modified":"2017-09-26T15:45:06","modified_gmt":"2017-09-26T18:45:06","slug":"sobre","status":"publish","type":"page","link":"https:\/\/impassivelimpossivel.com.br\/?page_id=44","title":{"rendered":"Sobre"},"content":{"rendered":"<p style=\"text-align: justify;\"><span style=\"font-size: 14pt;\">O ser humano \u00e9 em sua ess\u00eancia , relacional. Foi criado para para interagir , formular , deliberar , decidir , viver em harmonia com a natureza , manter contato com as fontes que impulsionam esta grande engrenagem denominada exist\u00eancia. Para que tudo isto aconte\u00e7a \u00e9 preciso intensa e ativa comunica\u00e7\u00e3o e para atender esta necessidade , a imagina\u00e7\u00e3o humana desenvolveu ao passar dos tempos as mais diversas formas de se comunicar. Hoje vivemos tempos em que acelera\u00e7\u00e3o do trafego de\u00a0 mensagens , fazem\u00a0 com que as interpreta\u00e7\u00f5es se tornem subjetivas e inconclusivas. O aprofundamento se tornou ponto secund\u00e1rio , manter-se &#8220;sobre&#8221;( acima ) \u00e9 mais importante do que manter-se &#8220;parte&#8221; ( dentro ).\u00a0 A realidade \u00e9 que precisamos em nosso dia-a-dia\u00a0 ao menos alguns instantes , para nutrir o nosso ser interior com a ess\u00eancia da comunica\u00e7\u00e3o , <strong>a palavra.<\/strong> Mesmo sabendo a for\u00e7a que a imagem possui\u00a0 , sabemos que ap\u00f3s vermos uma imagem impactante , em nosso pensamento , formulamos &#8220;palavras&#8221; que ir\u00e3o definir aquela experi\u00eancia sensorial. Esta \u00e9 a finalidade deste site , prover , difundir , questionar , informar , interagir , repartir , estimular , incentivar o uso da palavra que nos torna seres \u00fanicos da cria\u00e7\u00e3o.<\/span><\/p>\n","protected":false},"excerpt":{"rendered":"<p>O ser humano \u00e9 em sua ess\u00eancia , relacional. Foi criado para para interagir , formular , deliberar , decidir<\/p>\n","protected":false},"author":1,"featured_media":0,"parent":0,"menu_order":1,"comment_status":"closed","ping_status":"closed","template":"","meta":{"_exactmetrics_skip_tracking":false,"_exactmetrics_sitenote_active":false,"_exactmetrics_sitenote_note":"","_exactmetrics_sitenote_category":0,"footnotes":""},"aioseo_notices":[],"_links":{"self":[{"href":"https:\/\/impassivelimpossivel.com.br\/index.php?rest_route=\/wp\/v2\/pages\/44"}],"collection":[{"href":"https:\/\/impassivelimpossivel.com.br\/index.php?rest_route=\/wp\/v2\/pages"}],"about":[{"href":"https:\/\/impassivelimpossivel.com.br\/index.php?rest_route=\/wp\/v2\/types\/page"}],"author":[{"embeddable":true,"href":"https:\/\/impassivelimpossivel.com.br\/index.php?rest_route=\/wp\/v2\/users\/1"}],"replies":[{"embeddable":true,"href":"https:\/\/impassivelimpossivel.com.br\/index.php?rest_route=%2Fwp%2Fv2%2Fcomments&post=44"}],"version-history":[{"count":0,"href":"https:\/\/impassivelimpossivel.com.br\/index.php?rest_route=\/wp\/v2\/pages\/44\/revisions"}],"wp:attachment":[{"href":"https:\/\/impassivelimpossivel.com.br\/index.php?rest_route=%2Fwp%2Fv2%2Fmedia&parent=44"}],"curies":[{"name":"wp","href":"https:\/\/api.w.org\/{rel}","templated":true}]}}